{"id":7406,"date":"2025-07-23T04:00:41","date_gmt":"2025-07-23T04:00:41","guid":{"rendered":"https:\/\/stic.center\/cupon\/"},"modified":"2025-08-15T06:01:22","modified_gmt":"2025-08-15T06:01:22","slug":"cupon","status":"publish","type":"page","link":"https:\/\/stic.center\/es\/cupon\/","title":{"rendered":"Cup\u00f3n"},"content":{"rendered":"\t\t<div data-elementor-type=\"wp-page\" data-elementor-id=\"7406\" class=\"elementor elementor-7406 elementor-7347\" data-elementor-post-type=\"page\">\n\t\t\t\t<div class=\"elementor-element elementor-element-8e62b0c e-flex e-con-boxed e-con e-parent\" data-id=\"8e62b0c\" data-element_type=\"container\" data-e-type=\"container\" data-settings=\"{&quot;background_background&quot;:&quot;classic&quot;,&quot;background_motion_fx_motion_fx_scrolling&quot;:&quot;yes&quot;,&quot;background_motion_fx_devices&quot;:[&quot;desktop&quot;,&quot;tablet&quot;,&quot;mobile&quot;]}\">\n\t\t\t\t\t<div class=\"e-con-inner\">\n\t\t\t\t<div class=\"elementor-element elementor-element-7ce2a34 elementor-widget elementor-widget-heading\" data-id=\"7ce2a34\" data-element_type=\"widget\" data-e-type=\"widget\" data-widget_type=\"heading.default\">\n\t\t\t\t<div class=\"elementor-widget-container\">\n\t\t\t\t\t<h2 class=\"elementor-heading-title elementor-size-default\">VALIDACI\u00d3N DE CUP\u00d3N<\/h2>\t\t\t\t<\/div>\n\t\t\t\t<\/div>\n\t\t\t\t\t<\/div>\n\t\t\t\t<\/div>\n\t\t<div class=\"elementor-element elementor-element-c1ef56d e-flex e-con-boxed e-con e-parent\" data-id=\"c1ef56d\" data-element_type=\"container\" data-e-type=\"container\">\n\t\t\t\t\t<div class=\"e-con-inner\">\n\t\t\t\t<div class=\"elementor-element elementor-element-6b30aa0 elementor-widget elementor-widget-heading\" data-id=\"6b30aa0\" data-element_type=\"widget\" data-e-type=\"widget\" data-widget_type=\"heading.default\">\n\t\t\t\t<div class=\"elementor-widget-container\">\n\t\t\t\t\t<h2 class=\"elementor-heading-title elementor-size-default\">Desbloquea tus ahorros en cursos<\/h2>\t\t\t\t<\/div>\n\t\t\t\t<\/div>\n\t\t\t\t\t<\/div>\n\t\t\t\t<\/div>\n\t\t<div class=\"elementor-element elementor-element-9339e98 e-flex e-con-boxed e-con e-parent\" data-id=\"9339e98\" data-element_type=\"container\" data-e-type=\"container\">\n\t\t\t\t\t<div class=\"e-con-inner\">\n\t\t<div class=\"elementor-element elementor-element-a1be626 e-con-full e-flex e-con e-child\" data-id=\"a1be626\" data-element_type=\"container\" data-e-type=\"container\">\n\t\t\t\t<div class=\"elementor-element elementor-element-b6b0c67 elementor-widget elementor-widget-image\" data-id=\"b6b0c67\" data-element_type=\"widget\" data-e-type=\"widget\" data-widget_type=\"image.default\">\n\t\t\t\t<div class=\"elementor-widget-container\">\n\t\t\t\t\t\t\t\t\t\t\t\t\t\t\t<img fetchpriority=\"high\" decoding=\"async\" width=\"535\" height=\"674\" src=\"https:\/\/stic.center\/wp-content\/uploads\/2025\/02\/Group-90.png\" class=\"attachment-large size-large wp-image-6352\" alt=\"Coupon\" srcset=\"https:\/\/stic.center\/wp-content\/uploads\/2025\/02\/Group-90.png 535w, https:\/\/stic.center\/wp-content\/uploads\/2025\/02\/Group-90-238x300.png 238w\" sizes=\"(max-width: 535px) 100vw, 535px\" \/>\t\t\t\t\t\t\t\t\t\t\t\t\t\t\t<\/div>\n\t\t\t\t<\/div>\n\t\t\t\t<\/div>\n\t\t<div class=\"elementor-element elementor-element-8591896 e-con-full e-flex e-con e-child\" data-id=\"8591896\" data-element_type=\"container\" data-e-type=\"container\">\n\t\t\t\t<div class=\"elementor-element elementor-element-7039dfb elementor-widget elementor-widget-text-editor\" data-id=\"7039dfb\" data-element_type=\"widget\" data-e-type=\"widget\" data-widget_type=\"text-editor.default\">\n\t\t\t\t<div class=\"elementor-widget-container\">\n\t\t\t\t\t\t\t\t\t<p>\n  <span data-mce-type=\"bookmark\" style=\"display: inline-block; width: 0px; overflow: hidden; line-height: 0;\" class=\"mce_SELRES_start\">\ufeff<\/span>\n  \u00a1Bienvenido! Ingresa tu cup\u00f3n abajo y haz clic en <strong>Validar Descuento<\/strong>. Confirmaremos tus ahorros y generaremos un enlace de compra seguro que rastrea tu recompensa autom\u00e1ticamente.\n<\/p>\n\t\t\t\t\t\t\t\t<\/div>\n\t\t\t\t<\/div>\n\t\t\t\t<div class=\"elementor-element elementor-element-1c97560 elementor-widget elementor-widget-text-editor\" data-id=\"1c97560\" data-element_type=\"widget\" data-e-type=\"widget\" data-widget_type=\"text-editor.default\">\n\t\t\t\t<div class=\"elementor-widget-container\">\n\t\t\t\t\t\t\t\t\tPor qu\u00e9 pedimos este paso\t\t\t\t\t\t\t\t<\/div>\n\t\t\t\t<\/div>\n\t\t\t\t<div class=\"elementor-element elementor-element-b73437b elementor-icon-list--layout-traditional elementor-list-item-link-full_width elementor-widget elementor-widget-icon-list\" data-id=\"b73437b\" data-element_type=\"widget\" data-e-type=\"widget\" data-widget_type=\"icon-list.default\">\n\t\t\t\t<div class=\"elementor-widget-container\">\n\t\t\t\t\t\t\t<ul class=\"elementor-icon-list-items\">\n\t\t\t\t\t\t\t<li class=\"elementor-icon-list-item\">\n\t\t\t\t\t\t\t\t\t\t\t<span class=\"elementor-icon-list-icon\">\n\t\t\t\t\t\t\t<svg aria-hidden=\"true\" class=\"e-font-icon-svg e-fas-chevron-right\" viewBox=\"0 0 320 512\" xmlns=\"http:\/\/www.w3.org\/2000\/svg\"><path d=\"M285.476 272.971L91.132 467.314c-9.373 9.373-24.569 9.373-33.941 0l-22.667-22.667c-9.357-9.357-9.375-24.522-.04-33.901L188.505 256 34.484 101.255c-9.335-9.379-9.317-24.544.04-33.901l22.667-22.667c9.373-9.373 24.569-9.373 33.941 0L285.475 239.03c9.373 9.372 9.373 24.568.001 33.941z\"><\/path><\/svg>\t\t\t\t\t\t<\/span>\n\t\t\t\t\t\t\t\t\t\t<span class=\"elementor-icon-list-text\">Garantiza que tu descuento se aplique en cada producto que elijas.<\/span>\n\t\t\t\t\t\t\t\t\t<\/li>\n\t\t\t\t\t\t\t\t<li class=\"elementor-icon-list-item\">\n\t\t\t\t\t\t\t\t\t\t\t<span class=\"elementor-icon-list-icon\">\n\t\t\t\t\t\t\t<svg aria-hidden=\"true\" class=\"e-font-icon-svg e-fas-chevron-right\" viewBox=\"0 0 320 512\" xmlns=\"http:\/\/www.w3.org\/2000\/svg\"><path d=\"M285.476 272.971L91.132 467.314c-9.373 9.373-24.569 9.373-33.941 0l-22.667-22.667c-9.357-9.357-9.375-24.522-.04-33.901L188.505 256 34.484 101.255c-9.335-9.379-9.317-24.544.04-33.901l22.667-22.667c9.373-9.373 24.569-9.373 33.941 0L285.475 239.03c9.373 9.372 9.373 24.568.001 33.941z\"><\/path><\/svg>\t\t\t\t\t\t<\/span>\n\t\t\t\t\t\t\t\t\t\t<span class=\"elementor-icon-list-text\">Mantiene el proceso de pago s\u00faper r\u00e1pido \u2014 sin necesidad de ingresar el c\u00f3digo manualmente despu\u00e9s.<\/span>\n\t\t\t\t\t\t\t\t\t<\/li>\n\t\t\t\t\t\t<\/ul>\n\t\t\t\t\t\t<\/div>\n\t\t\t\t<\/div>\n\t\t\t\t<div class=\"elementor-element elementor-element-448885d elementor-widget-divider--separator-type-pattern elementor-widget-divider--view-line elementor-widget elementor-widget-divider\" data-id=\"448885d\" data-element_type=\"widget\" data-e-type=\"widget\" data-widget_type=\"divider.default\">\n\t\t\t\t<div class=\"elementor-widget-container\">\n\t\t\t\t\t\t\t<div class=\"elementor-divider\" style=\"--divider-pattern-url: url(&quot;data:image\/svg+xml,%3Csvg xmlns=&#039;http:\/\/www.w3.org\/2000\/svg&#039; preserveAspectRatio=&#039;none&#039; overflow=&#039;visible&#039; height=&#039;100%&#039; viewBox=&#039;0 0 24 24&#039; fill=&#039;black&#039; stroke=&#039;none&#039;%3E%3Cpolygon points=&#039;9.4,2 24,2 14.6,21.6 0,21.6&#039;\/%3E%3C\/svg%3E&quot;);\">\n\t\t\t<span class=\"elementor-divider-separator\">\n\t\t\t\t\t\t<\/span>\n\t\t<\/div>\n\t\t\t\t\t\t<\/div>\n\t\t\t\t<\/div>\n\t\t\t\t<div class=\"elementor-element elementor-element-42c8b61 elementor-button-align-stretch elementor-widget elementor-widget-form\" data-id=\"42c8b61\" data-element_type=\"widget\" data-e-type=\"widget\" data-settings=\"{&quot;step_next_label&quot;:&quot;Siguiente&quot;,&quot;step_previous_label&quot;:&quot;Anterior&quot;,&quot;button_width&quot;:&quot;100&quot;,&quot;step_type&quot;:&quot;number_text&quot;,&quot;step_icon_shape&quot;:&quot;circle&quot;}\" data-widget_type=\"form.default\">\n\t\t\t\t<div class=\"elementor-widget-container\">\n\t\t\t\t\t\t\t<form class=\"elementor-form\" method=\"post\" name=\"Nuevo Formulario\" aria-label=\"Nuevo Formulario\">\n\t\t\t<input type=\"hidden\" name=\"post_id\" value=\"7406\"\/>\n\t\t\t<input type=\"hidden\" name=\"form_id\" value=\"42c8b61\"\/>\n\t\t\t<input type=\"hidden\" name=\"referer_title\" value=\"Cup\u00f3n - Skills Training International Center\" \/>\n\n\t\t\t\t\t\t\t<input type=\"hidden\" name=\"queried_id\" value=\"7406\"\/>\n\t\t\t\n\t\t\t<div class=\"elementor-form-fields-wrapper elementor-labels-above\">\n\t\t\t\t\t\t\t\t<div class=\"elementor-field-type-text elementor-field-group elementor-column elementor-field-group-name elementor-col-100\">\n\t\t\t\t\t\t\t\t\t\t\t\t<label for=\"form-field-name\" class=\"elementor-field-label\">\n\t\t\t\t\t\t\t\tValide su c\u00f3digo de cup\u00f3n\t\t\t\t\t\t\t<\/label>\n\t\t\t\t\t\t\t\t\t\t\t\t\t\t<input size=\"1\" type=\"text\" name=\"form_fields[name]\" id=\"form-field-name\" class=\"elementor-field elementor-size-sm  elementor-field-textual\" placeholder=\"C\u00d3DIGO DE CUP\u00d3N\">\n\t\t\t\t\t\t\t\t\t\t\t<\/div>\n\t\t\t\t\t\t\t\t<div class=\"elementor-field-group elementor-column elementor-field-type-submit elementor-col-100 e-form__buttons\">\n\t\t\t\t\t<button class=\"elementor-button elementor-size-sm\" type=\"submit\">\n\t\t\t\t\t\t<span class=\"elementor-button-content-wrapper\">\n\t\t\t\t\t\t\t\t\t\t\t\t\t\t\t\t\t\t\t\t\t\t<span class=\"elementor-button-text\">Validar<\/span>\n\t\t\t\t\t\t\t\t\t\t\t\t\t<\/span>\n\t\t\t\t\t<\/button>\n\t\t\t\t<\/div>\n\t\t\t<\/div>\n\t\t<\/form>\n\t\t\t\t\t\t<\/div>\n\t\t\t\t<\/div>\n\t\t\t\t<div class=\"elementor-element elementor-element-0f02422 elementor-widget elementor-widget-text-editor\" data-id=\"0f02422\" data-element_type=\"widget\" data-e-type=\"widget\" data-widget_type=\"text-editor.default\">\n\t\t\t\t<div class=\"elementor-widget-container\">\n\t\t\t\t\t\t\t\t\t<p>\u00bfProblemas? Verifica la ortograf\u00eda o cont\u00e1ctanos en nuestra p\u00e1gina de <a href=\"https:\/\/stic.center\/contact-us\/\">&#8220;Cont\u00e1ctanos&#8221;<\/a>.<\/p>\t\t\t\t\t\t\t\t<\/div>\n\t\t\t\t<\/div>\n\t\t\t\t<\/div>\n\t\t\t\t\t<\/div>\n\t\t\t\t<\/div>\n\t\t<div class=\"elementor-element elementor-element-db44853 e-flex e-con-boxed e-con e-parent\" data-id=\"db44853\" data-element_type=\"container\" data-e-type=\"container\">\n\t\t\t\t\t<div class=\"e-con-inner\">\n\t\t\t\t<div class=\"elementor-element elementor-element-9372c04 elementor-widget elementor-widget-html\" data-id=\"9372c04\" data-element_type=\"widget\" data-e-type=\"widget\" data-widget_type=\"html.default\">\n\t\t\t\t<div class=\"elementor-widget-container\">\n\t\t\t\t\t<div id=\"coupon-result\" style=\"display:none; margin-top: 25px;\"><\/div>\r\n\t\t\t\t<\/div>\n\t\t\t\t<\/div>\n\t\t\t\t<div class=\"elementor-element elementor-element-05484ba elementor-widget elementor-widget-html\" data-id=\"05484ba\" data-element_type=\"widget\" data-e-type=\"widget\" data-widget_type=\"html.default\">\n\t\t\t\t<div class=\"elementor-widget-container\">\n\t\t\t\t\t<script>\r\ndocument.addEventListener(\"DOMContentLoaded\", function () {\r\n  const form = document.querySelector(\".elementor-form\");\r\n  const resultBox = document.getElementById(\"coupon-result\");\r\n\r\n  if (!form || !resultBox) {\r\n    console.error(\"\u274c Formulario o caja de resultado no encontrada.\");\r\n    return;\r\n  }\r\n\r\n  form.addEventListener(\"submit\", function (e) {\r\n    e.preventDefault();\r\n\r\n    const couponInput = document.querySelector(\"#form-field-name\");\r\n    const couponRaw = couponInput?.value?.trim();\r\n    const coupon = couponRaw?.toLowerCase();\r\n\r\n    if (!coupon) {\r\n      resultBox.innerHTML = `\r\n        <div style=\"max-width: 600px; margin: 0 auto; padding: 30px; background-color: #fff5f5; border: 1px solid #fecaca; border-left: 6px solid #dc2626; border-radius: 8px; font-family: 'Segoe UI', sans-serif; box-shadow: 0 4px 10px rgba(0, 0, 0, 0.05); text-align: left;\">\r\n          <div style=\"display: flex; align-items: center;\">\r\n            <span style=\"font-size: 24px; margin-right: 10px; color: #dc2626;\">\u274c<\/span>\r\n            <h2 style=\"margin: 0; font-size: 1.3rem; color: #b91c1c;\">No ingresaste un cup\u00f3n<\/h2>\r\n          <\/div>\r\n          <p style=\"margin-top: 10px; font-size: 1rem; color: #7f1d1d;\">\r\n            Por favor, ingresa un c\u00f3digo de cup\u00f3n antes de hacer clic en validar.\r\n          <\/p>\r\n        <\/div>\r\n      `;\r\n      resultBox.style.display = \"block\";\r\n      resultBox.scrollIntoView({ behavior: \"smooth\", block: \"start\" });\r\n      return;\r\n    }\r\n\r\n    const apiUrl = `https:\/\/stic.center\/wp-json\/wc\/v3\/coupons?code=${encodeURIComponent(coupon)}`;\r\n    const credentials = btoa(\"ck_45bc15d6e4f7f4908ba6961caa402c0dcf59c840:cs_026c381dc7c0b902923faaf54f6f0b8dc85cdfed\");\r\n\r\n    fetch(apiUrl, {\r\n      method: \"GET\",\r\n      headers: {\r\n        \"Authorization\": `Basic ${credentials}`,\r\n        \"Content-Type\": \"application\/json\"\r\n      }\r\n    })\r\n    .then(res => {\r\n      if (!res.ok) throw new Error(\"La respuesta de red no fue exitosa\");\r\n      return res.json();\r\n    })\r\n    .then(data => {\r\n      if (Array.isArray(data) && data.length > 0 && data[0].code.toLowerCase() === coupon) {\r\n        const link = `https:\/\/stic.center\/es\/?ref=${couponRaw}`;\r\n        resultBox.innerHTML = `\r\n          <div style=\"max-width: 600px; margin: 0 auto; padding: 40px; text-align: center; font-family: 'Segoe UI', sans-serif; background-color: #f7f8fc; border-radius: 10px; box-shadow: 0 4px 12px rgba(0,0,0,0.1);\">\r\n            <h1 style=\"color: #2b6cb0; font-size: 30px;\">\ud83c\udf89 \u00a1Buenas noticias, est\u00e1s dentro!<\/h1>\r\n            <p style=\"font-size: 1.1rem; color: #333;\">\r\n              Tu cup\u00f3n <strong>${couponRaw}<\/strong> ha sido validado.<br>\r\n              Haz clic en el bot\u00f3n de abajo para comenzar tus compras \u2014 tu descuento te seguir\u00e1 autom\u00e1ticamente.\r\n            <\/p>\r\n            <div style=\"margin-top: 30px;\">\r\n              <p style=\"font-size: 1rem; margin-bottom: 10px;\">\u26a1 Importante: Usa este bot\u00f3n para ingresar a la tienda. Abrir una nueva pesta\u00f1a o salir de esta p\u00e1gina sin hacer clic puede evitar que el sistema reconozca tu c\u00f3digo.<\/p>\r\n              <a href=\"${link}\" target=\"_blank\" style=\"display: inline-block; background-color: #2f855a; color: white; padding: 12px 24px; border-radius: 8px; text-decoration: none; font-weight: bold; font-size: 1.1rem;\">\r\n                Ir a la tienda con mi descuento \r\n              <\/a>\r\n            <\/div>\r\n            <div style=\"margin-top: 25px;\">\r\n              <p style=\"font-size: 1rem;\">\ud83d\udcac Tambi\u00e9n ver\u00e1s ${couponRaw} rellenado autom\u00e1ticamente en el pago, as\u00ed que no tienes que hacer nada m\u00e1s.<\/p>\r\n              <div style=\"margin-top: 10px; font-size: 1.4rem; font-weight: bold; color: #e53e3e;\">${couponRaw}<\/div>\r\n            <\/div>\r\n          <\/div>\r\n        `;\r\n      } else {\r\n        resultBox.innerHTML = `\r\n  <div style=\"max-width: 600px; margin: 0 auto; padding: 30px; background-color: #fff5f5; border: 1px solid #fecaca; border-left: 6px solid #dc2626; border-radius: 8px; font-family: 'Segoe UI', sans-serif; box-shadow: 0 4px 10px rgba(0,0,0,0.05); text-align: left;\">\r\n    <div style=\"display: flex; align-items: center;\">\r\n      <span style=\"font-size: 24px; margin-right: 10px; color: #dc2626;\">\u274c<\/span>\r\n      <h2 style=\"margin: 0; font-size: 1.4rem; color: #b91c1c;\">Hmm\u2026 ese c\u00f3digo no funcion\u00f3<\/h2>\r\n    <\/div>\r\n    <p style=\"margin-top: 12px; font-size: 1rem; color: #7f1d1d;\">\r\n      No pudimos encontrar una coincidencia para el cup\u00f3n ingresado. Intenta lo siguiente:\r\n    <\/p>\r\n    <ul style=\"margin-top: 10px; padding-left: 20px; color: #7f1d1d; font-size: 0.95rem;\">\r\n      <li>Elimina espacios extra antes o despu\u00e9s del c\u00f3digo (nuestros c\u00f3digos no incluyen espacios ni guiones).<\/li>\r\n      <li>Copia y pega directamente desde el mensaje que recibiste.<\/li>\r\n      <li>\u00bfA\u00fan no funciona? <a href=\"mailto:support@stic.center\" style=\"color: #dc2626; text-decoration: underline;\">Chatea con nosotros o escribe a support@stic.center<\/a> y lo resolveremos en minutos.<\/li>\r\n    <\/ul>\r\n  <\/div>\r\n`;\r\n      }\r\n\r\n      resultBox.style.display = \"block\";\r\n      resultBox.scrollIntoView({ behavior: \"smooth\", block: \"start\" });\r\n    })\r\n    .catch(error => {\r\n      console.error(\"\u274c Error al validar el cup\u00f3n:\", error);\r\n      resultBox.innerHTML = `\r\n        <div style=\"max-width: 600px; margin: 0 auto; padding: 30px; background-color: #fff5f5; border: 1px solid #fecaca; border-left: 6px solid #dc2626; border-radius: 8px; font-family: 'Segoe UI', sans-serif; box-shadow: 0 4px 10px rgba(0, 0, 0, 0.05); text-align: left;\">\r\n          <div style=\"display: flex; align-items: center;\">\r\n            <span style=\"font-size: 24px; margin-right: 10px; color: #dc2626;\">\u274c<\/span>\r\n            <h2 style=\"margin: 0; font-size: 1.3rem; color: #b91c1c;\">Error al validar el cup\u00f3n<\/h2>\r\n          <\/div>\r\n          <p style=\"margin-top: 10px; font-size: 1rem; color: #7f1d1d;\">\r\n            Ocurri\u00f3 un error al validar tu cup\u00f3n. Por favor, intenta nuevamente m\u00e1s tarde.\r\n          <\/p>\r\n        <\/div>\r\n      `;\r\n      resultBox.style.display = \"block\";\r\n      resultBox.scrollIntoView({ behavior: \"smooth\", block: \"start\" });\r\n    });\r\n  });\r\n});\r\n<\/script>\r\n\t\t\t\t<\/div>\n\t\t\t\t<\/div>\n\t\t\t\t\t<\/div>\n\t\t\t\t<\/div>\n\t\t\t\t<\/div>\n\t\t","protected":false},"excerpt":{"rendered":"<p>VALIDACI\u00d3N DE CUP\u00d3N Desbloquea tus ahorros en cursos \ufeff \u00a1Bienvenido! Ingresa tu cup\u00f3n abajo y haz clic en Validar Descuento. Confirmaremos tus ahorros y generaremos un enlace de compra seguro que rastrea tu recompensa autom\u00e1ticamente. Por qu\u00e9 pedimos este paso Garantiza que tu descuento se aplique en cada producto que elijas. Mantiene el proceso de<a href=\"https:\/\/stic.center\/es\/cupon\/\" class=\"more-link\"><span class=\"screen-reader-text\">Cup\u00f3n<\/span><\/a><\/p>\n","protected":false},"author":1,"featured_media":0,"parent":0,"menu_order":0,"comment_status":"closed","ping_status":"closed","template":"elementor_header_footer","meta":{"order-bump-settings":[],"_wpfnl_thankyou_order_overview":"on","_wpfnl_thankyou_order_details":"on","_wpfnl_thankyou_billing_details":"on","_wpfnl_thankyou_shipping_details":"on","footnotes":""},"class_list":["post-7406","page","type-page","status-publish","hentry"],"_links":{"self":[{"href":"https:\/\/stic.center\/es\/wp-json\/wp\/v2\/pages\/7406","targetHints":{"allow":["GET"]}}],"collection":[{"href":"https:\/\/stic.center\/es\/wp-json\/wp\/v2\/pages"}],"about":[{"href":"https:\/\/stic.center\/es\/wp-json\/wp\/v2\/types\/page"}],"author":[{"embeddable":true,"href":"https:\/\/stic.center\/es\/wp-json\/wp\/v2\/users\/1"}],"replies":[{"embeddable":true,"href":"https:\/\/stic.center\/es\/wp-json\/wp\/v2\/comments?post=7406"}],"version-history":[{"count":25,"href":"https:\/\/stic.center\/es\/wp-json\/wp\/v2\/pages\/7406\/revisions"}],"predecessor-version":[{"id":7881,"href":"https:\/\/stic.center\/es\/wp-json\/wp\/v2\/pages\/7406\/revisions\/7881"}],"wp:attachment":[{"href":"https:\/\/stic.center\/es\/wp-json\/wp\/v2\/media?parent=7406"}],"curies":[{"name":"wp","href":"https:\/\/api.w.org\/{rel}","templated":true}]}}