{"id":6744,"date":"2025-02-12T06:31:25","date_gmt":"2025-02-12T06:31:25","guid":{"rendered":"https:\/\/stic.center\/mantengamonos-en-contacto\/"},"modified":"2025-03-31T01:25:48","modified_gmt":"2025-03-31T01:25:48","slug":"mantengamonos-en-contacto","status":"publish","type":"page","link":"https:\/\/stic.center\/es\/mantengamonos-en-contacto\/","title":{"rendered":"Manteng\u00e1monos en contacto"},"content":{"rendered":"<p>Hola  [bwfan_subscriber_name] <\/p>\n<p>Ay\u00fadenos a mejorar su experiencia con nosotros a trav\u00e9s de una mejor comunicaci\u00f3n. Por favor, ajuste sus preferencias para el correo electr\u00f3nico [bwfan_subscriber_recipient].   <\/p>\n<p>[bwfan_unsubscribe_button label=&#8221;Actualizar mis preferencias&#8221;].<\/p>\n","protected":false},"excerpt":{"rendered":"<p>Hola [bwfan_subscriber_name] Ay\u00fadenos a mejorar su experiencia con nosotros a trav\u00e9s de una mejor comunicaci\u00f3n. Por favor, ajuste sus preferencias para el correo electr\u00f3nico [bwfan_subscriber_recipient]. [bwfan_unsubscribe_button label=&#8221;Actualizar mis preferencias&#8221;].<\/p>\n","protected":false},"author":1,"featured_media":0,"parent":0,"menu_order":0,"comment_status":"closed","ping_status":"closed","template":"","meta":{"order-bump-settings":[],"_wpfnl_thankyou_order_overview":"on","_wpfnl_thankyou_order_details":"on","_wpfnl_thankyou_billing_details":"on","_wpfnl_thankyou_shipping_details":"on","footnotes":""},"class_list":["post-6744","page","type-page","status-publish","hentry"],"_links":{"self":[{"href":"https:\/\/stic.center\/es\/wp-json\/wp\/v2\/pages\/6744","targetHints":{"allow":["GET"]}}],"collection":[{"href":"https:\/\/stic.center\/es\/wp-json\/wp\/v2\/pages"}],"about":[{"href":"https:\/\/stic.center\/es\/wp-json\/wp\/v2\/types\/page"}],"author":[{"embeddable":true,"href":"https:\/\/stic.center\/es\/wp-json\/wp\/v2\/users\/1"}],"replies":[{"embeddable":true,"href":"https:\/\/stic.center\/es\/wp-json\/wp\/v2\/comments?post=6744"}],"version-history":[{"count":1,"href":"https:\/\/stic.center\/es\/wp-json\/wp\/v2\/pages\/6744\/revisions"}],"predecessor-version":[{"id":6746,"href":"https:\/\/stic.center\/es\/wp-json\/wp\/v2\/pages\/6744\/revisions\/6746"}],"wp:attachment":[{"href":"https:\/\/stic.center\/es\/wp-json\/wp\/v2\/media?parent=6744"}],"curies":[{"name":"wp","href":"https:\/\/api.w.org\/{rel}","templated":true}]}}