{"id":6275,"date":"2025-01-14T08:29:47","date_gmt":"2025-01-14T08:29:47","guid":{"rendered":"https:\/\/stic.center\/nosotros\/"},"modified":"2025-08-20T10:15:07","modified_gmt":"2025-08-20T10:15:07","slug":"nosotros","status":"publish","type":"page","link":"https:\/\/stic.center\/es\/nosotros\/","title":{"rendered":"Nosotros"},"content":{"rendered":"\t\t<div data-elementor-type=\"wp-page\" data-elementor-id=\"6275\" class=\"elementor elementor-6275 elementor-229\" data-elementor-post-type=\"page\">\n\t\t\t\t<div class=\"elementor-element elementor-element-fc8e63a e-flex e-con-boxed e-con e-parent\" data-id=\"fc8e63a\" data-element_type=\"container\" data-e-type=\"container\" data-settings=\"{&quot;background_background&quot;:&quot;classic&quot;,&quot;background_motion_fx_motion_fx_scrolling&quot;:&quot;yes&quot;,&quot;background_motion_fx_devices&quot;:[&quot;desktop&quot;,&quot;tablet&quot;,&quot;mobile&quot;]}\">\n\t\t\t\t\t<div class=\"e-con-inner\">\n\t\t\t\t\t<\/div>\n\t\t\t\t<\/div>\n\t\t<div class=\"elementor-element elementor-element-9f15f27 e-flex e-con-boxed e-con e-parent\" data-id=\"9f15f27\" data-element_type=\"container\" data-e-type=\"container\">\n\t\t\t\t\t<div class=\"e-con-inner\">\n\t\t<div class=\"elementor-element elementor-element-4cd97e1 e-con-full e-flex e-con e-child\" data-id=\"4cd97e1\" data-element_type=\"container\" data-e-type=\"container\">\n\t\t\t\t<div class=\"elementor-element elementor-element-7aec4a9 elementor-widget elementor-widget-heading\" data-id=\"7aec4a9\" data-element_type=\"widget\" data-e-type=\"widget\" data-widget_type=\"heading.default\">\n\t\t\t\t<div class=\"elementor-widget-container\">\n\t\t\t\t\t<h1 class=\"elementor-heading-title elementor-size-default\">\u00a1Bienvenidos a Skills Training International Center!<\/h1>\t\t\t\t<\/div>\n\t\t\t\t<\/div>\n\t\t\t\t<div class=\"elementor-element elementor-element-f34dade elementor-widget elementor-widget-text-editor\" data-id=\"f34dade\" data-element_type=\"widget\" data-e-type=\"widget\" data-widget_type=\"text-editor.default\">\n\t\t\t\t<div class=\"elementor-widget-container\">\n\t\t\t\t\t\t\t\t\t<p>En el Centro Internacional de Capacitaci\u00f3n en Habilidades, nuestra misi\u00f3n es empoderar a las personas de habla hispana ofreciendo cursos de ingl\u00e9s de alta calidad adaptados a sus necesidades. Nos enfocamos en habilidades pr\u00e1cticas de conversaci\u00f3n e inmersi\u00f3n cultural para ayudar a nuestros estudiantes a desenvolverse con confianza en entornos de habla inglesa para el trabajo, los viajes y las interacciones diarias. A trav\u00e9s de instructores expertos, recursos innovadores y un ambiente de aprendizaje de apoyo, nuestro objetivo es hacer que el ingl\u00e9s sea accesible y agradable.  <\/p>\t\t\t\t\t\t\t\t<\/div>\n\t\t\t\t<\/div>\n\t\t\t\t<div class=\"elementor-element elementor-element-cc87dd1 elementor-widget elementor-widget-heading\" data-id=\"cc87dd1\" data-element_type=\"widget\" data-e-type=\"widget\" data-widget_type=\"heading.default\">\n\t\t\t\t<div class=\"elementor-widget-container\">\n\t\t\t\t\t<h2 class=\"elementor-heading-title elementor-size-default\">Cursos de Certificaci\u00f3n Profesional (En L\u00ednea)<\/h2>\t\t\t\t<\/div>\n\t\t\t\t<\/div>\n\t\t\t\t<div class=\"elementor-element elementor-element-f1c17c1 elementor-widget elementor-widget-text-editor\" data-id=\"f1c17c1\" data-element_type=\"widget\" data-e-type=\"widget\" data-widget_type=\"text-editor.default\">\n\t\t\t\t<div class=\"elementor-widget-container\">\n\t\t\t\t\t\t\t\t\tOfrecemos Cursos de Certificaci\u00f3n Profesional (En L\u00ednea) en colaboraci\u00f3n con el Instituto Canadiense de Educaci\u00f3n y Desarrollo Global \u2013 CGEDI. Esta colaboraci\u00f3n garantiza que nuestros cursos cumplan con est\u00e1ndares internacionales y proporcionen credenciales valiosas reconocidas en todo el mundo. Dise\u00f1ados para un aprendizaje en l\u00ednea flexible, nuestros cursos profesionales abarcan una variedad de campos y equipan a los estudiantes con habilidades esenciales para el competitivo mercado global actual. \u00a1\u00danete a nosotros para mejorar tu experiencia y tus perspectivas profesionales!   \t\t\t\t\t\t\t\t<\/div>\n\t\t\t\t<\/div>\n\t\t\t\t<div class=\"elementor-element elementor-element-e1acbec elementor-widget elementor-widget-image\" data-id=\"e1acbec\" data-element_type=\"widget\" data-e-type=\"widget\" data-widget_type=\"image.default\">\n\t\t\t\t<div class=\"elementor-widget-container\">\n\t\t\t\t\t\t\t\t\t\t\t\t\t\t\t<img fetchpriority=\"high\" decoding=\"async\" width=\"900\" height=\"475\" src=\"https:\/\/stic.center\/wp-content\/uploads\/2025\/01\/applause-award-and-success-with-business-woman-in-2023-11-27-04-52-07-utc-1-1024x540.jpg\" class=\"attachment-large size-large wp-image-6259\" alt=\"\" srcset=\"https:\/\/stic.center\/wp-content\/uploads\/2025\/01\/applause-award-and-success-with-business-woman-in-2023-11-27-04-52-07-utc-1-1024x540.jpg 1024w, https:\/\/stic.center\/wp-content\/uploads\/2025\/01\/applause-award-and-success-with-business-woman-in-2023-11-27-04-52-07-utc-1-300x158.jpg 300w, https:\/\/stic.center\/wp-content\/uploads\/2025\/01\/applause-award-and-success-with-business-woman-in-2023-11-27-04-52-07-utc-1-768x405.jpg 768w, https:\/\/stic.center\/wp-content\/uploads\/2025\/01\/applause-award-and-success-with-business-woman-in-2023-11-27-04-52-07-utc-1-1536x810.jpg 1536w, https:\/\/stic.center\/wp-content\/uploads\/2025\/01\/applause-award-and-success-with-business-woman-in-2023-11-27-04-52-07-utc-1-2048x1080.jpg 2048w\" sizes=\"(max-width: 900px) 100vw, 900px\" \/>\t\t\t\t\t\t\t\t\t\t\t\t\t\t\t<\/div>\n\t\t\t\t<\/div>\n\t\t\t\t<\/div>\n\t\t<div class=\"elementor-element elementor-element-0cf70fb e-con-full e-flex e-con e-child\" data-id=\"0cf70fb\" data-element_type=\"container\" data-e-type=\"container\">\n\t\t\t\t<div class=\"elementor-element elementor-element-066e059 elementor-widget elementor-widget-image\" data-id=\"066e059\" data-element_type=\"widget\" data-e-type=\"widget\" data-widget_type=\"image.default\">\n\t\t\t\t<div class=\"elementor-widget-container\">\n\t\t\t\t\t\t\t\t\t\t\t\t\t\t\t<img decoding=\"async\" width=\"808\" height=\"539\" src=\"https:\/\/stic.center\/wp-content\/uploads\/2025\/01\/happy-asian-lady-using-laptop-and-headset-learnin-2023-11-27-05-32-17-utc-1-1.png\" class=\"attachment-large size-large wp-image-6258\" alt=\"Skills Training International Center\" srcset=\"https:\/\/stic.center\/wp-content\/uploads\/2025\/01\/happy-asian-lady-using-laptop-and-headset-learnin-2023-11-27-05-32-17-utc-1-1.png 808w, https:\/\/stic.center\/wp-content\/uploads\/2025\/01\/happy-asian-lady-using-laptop-and-headset-learnin-2023-11-27-05-32-17-utc-1-1-300x200.png 300w, https:\/\/stic.center\/wp-content\/uploads\/2025\/01\/happy-asian-lady-using-laptop-and-headset-learnin-2023-11-27-05-32-17-utc-1-1-768x512.png 768w\" sizes=\"(max-width: 808px) 100vw, 808px\" \/>\t\t\t\t\t\t\t\t\t\t\t\t\t\t\t<\/div>\n\t\t\t\t<\/div>\n\t\t\t\t<div class=\"elementor-element elementor-element-ced1db0 elementor-widget elementor-widget-heading\" data-id=\"ced1db0\" data-element_type=\"widget\" data-e-type=\"widget\" data-widget_type=\"heading.default\">\n\t\t\t\t<div class=\"elementor-widget-container\">\n\t\t\t\t\t<h2 class=\"elementor-heading-title elementor-size-default\">Beneficios Clave de nuestro Curso de Ingl\u00e9s<\/h2>\t\t\t\t<\/div>\n\t\t\t\t<\/div>\n\t\t\t\t<div class=\"elementor-element elementor-element-220837b elementor-widget elementor-widget-text-editor\" data-id=\"220837b\" data-element_type=\"widget\" data-e-type=\"widget\" data-widget_type=\"text-editor.default\">\n\t\t\t\t<div class=\"elementor-widget-container\">\n\t\t\t\t\t\t\t\t\t<ul><li><strong>Habilidades de Comunicaci\u00f3n Mejoradas:<\/strong> Gana confianza al hablar, leer y escribir en ingl\u00e9s.<\/li><li><strong>Aprendizaje Flexible:<\/strong> Accede a clases en l\u00ednea que se adaptan a tu horario y ritmo de aprendizaje.<\/li><li><strong>Certificaci\u00f3n Global:<\/strong> Recibe un certificado de nuestra colaboraci\u00f3n con el <em>Canadian Global Education and Development Institute (CGEDI).<\/em><\/li><li><strong>Comprensi\u00f3n Cultural:<\/strong> Aprende habilidades ling\u00fc\u00edsticas pr\u00e1cticas dentro de un contexto cultural, facilitando la integraci\u00f3n en entornos de habla inglesa.<\/li><li><strong>Ventaja Profesional:<\/strong> Mejora la empleabilidad y el rendimiento laboral con competencia en ingl\u00e9s.<\/li><li><strong>Instructores Expertos:<\/strong> Aprende de profesores experimentados enfocados en apoyar a los estudiantes de habla hispana.<\/li><\/ul>\t\t\t\t\t\t\t\t<\/div>\n\t\t\t\t<\/div>\n\t\t\t\t<\/div>\n\t\t\t\t\t<\/div>\n\t\t\t\t<\/div>\n\t\t\t\t<\/div>\n\t\t","protected":false},"excerpt":{"rendered":"<p>\u00a1Bienvenidos a Skills Training International Center! En el Centro Internacional de Capacitaci\u00f3n en Habilidades, nuestra misi\u00f3n es empoderar a las personas de habla hispana ofreciendo cursos de ingl\u00e9s de alta calidad adaptados a sus necesidades. Nos enfocamos en habilidades pr\u00e1cticas de conversaci\u00f3n e inmersi\u00f3n cultural para ayudar a nuestros estudiantes a desenvolverse con confianza en<a href=\"https:\/\/stic.center\/es\/nosotros\/\" class=\"more-link\"><span class=\"screen-reader-text\">Nosotros<\/span><\/a><\/p>\n","protected":false},"author":1,"featured_media":0,"parent":0,"menu_order":0,"comment_status":"closed","ping_status":"closed","template":"elementor_header_footer","meta":{"order-bump-settings":[],"_wpfnl_thankyou_order_overview":"on","_wpfnl_thankyou_order_details":"on","_wpfnl_thankyou_billing_details":"on","_wpfnl_thankyou_shipping_details":"on","footnotes":""},"class_list":["post-6275","page","type-page","status-publish","hentry"],"_links":{"self":[{"href":"https:\/\/stic.center\/es\/wp-json\/wp\/v2\/pages\/6275","targetHints":{"allow":["GET"]}}],"collection":[{"href":"https:\/\/stic.center\/es\/wp-json\/wp\/v2\/pages"}],"about":[{"href":"https:\/\/stic.center\/es\/wp-json\/wp\/v2\/types\/page"}],"author":[{"embeddable":true,"href":"https:\/\/stic.center\/es\/wp-json\/wp\/v2\/users\/1"}],"replies":[{"embeddable":true,"href":"https:\/\/stic.center\/es\/wp-json\/wp\/v2\/comments?post=6275"}],"version-history":[{"count":4,"href":"https:\/\/stic.center\/es\/wp-json\/wp\/v2\/pages\/6275\/revisions"}],"predecessor-version":[{"id":7916,"href":"https:\/\/stic.center\/es\/wp-json\/wp\/v2\/pages\/6275\/revisions\/7916"}],"wp:attachment":[{"href":"https:\/\/stic.center\/es\/wp-json\/wp\/v2\/media?parent=6275"}],"curies":[{"name":"wp","href":"https:\/\/api.w.org\/{rel}","templated":true}]}}